{"id":13161,"date":"2021-10-01T15:23:32","date_gmt":"2021-10-01T15:23:32","guid":{"rendered":"https:\/\/nosotrasenlibertad.com\/libroweb\/?page_id=13161"},"modified":"2021-10-07T16:02:24","modified_gmt":"2021-10-07T16:02:24","slug":"17-de-octubre-el-pueblo-en-la-calle","status":"publish","type":"page","link":"https:\/\/nosotrasenlibertad.com\/libroweb\/17-de-octubre-el-pueblo-en-la-calle\/","title":{"rendered":"17 de octubre. El pueblo en la calle"},"content":{"rendered":"\n<p>A principios de octubre de 1945, el presidente Farrell cediendo a las presiones de los oficiales de Campo de Mayo, pidi\u00f3 la renuncia de Per\u00f3n y orden\u00f3 su detenci\u00f3n y posterior traslado a la isla Mart\u00edn Garc\u00eda. La Confederaci\u00f3n General del Trabajo (CGT) -creada en 1930- convoc\u00f3 un paro para el d\u00eda 18 de octubre, pero el 17 de octubre decenas de miles de trabajadores, provenientes de los barrios obreros de la Capital Federal y del Gran Buenos Aires, se movilizaron desde temprano hacia la Plaza de Mayo.<\/p>\n\n\n\n<figure class=\"wp-block-image size-full mf\"><img decoding=\"async\" width=\"860\" height=\"490\" data-src=\"https:\/\/nosotrasenlibertad.com\/libroweb\/wp-content\/uploads\/2021\/10\/contexto-02.jpg\" alt=\"\" class=\"wp-image-13468 lazyload\" data-srcset=\"https:\/\/nosotrasenlibertad.com\/libroweb\/wp-content\/uploads\/2021\/10\/contexto-02.jpg 860w, https:\/\/nosotrasenlibertad.com\/libroweb\/wp-content\/uploads\/2021\/10\/contexto-02-768x438.jpg 768w\" data-sizes=\"(max-width: 860px) 100vw, 860px\" src=\"data:image\/svg+xml;base64,PHN2ZyB3aWR0aD0iMSIgaGVpZ2h0PSIxIiB4bWxucz0iaHR0cDovL3d3dy53My5vcmcvMjAwMC9zdmciPjwvc3ZnPg==\" style=\"--smush-placeholder-width: 860px; --smush-placeholder-aspect-ratio: 860\/490;\" \/><figcaption><strong>17 DE OCTUBRE DE 1945. TRABAJADORES LLEGANDO A\u00a0 PLAZA DE MAYO<\/strong><\/figcaption><\/figure>\n\n\n\n<p>Adem\u00e1s de la multitudinaria movilizaci\u00f3n, un hecho significativo como el de las \u201clas patas en la fuente\u201d marc\u00f3 la irrupci\u00f3n de un nuevo actor en la escena pol\u00edtica argentina: los trabajadores.&nbsp; <\/p>\n\n\n\n<p>La gente agotada por la caminata refrescaba sus pies en la fuente de la Plaza de Mayo. Los detractores del peronismo identificaron este hecho con la barbarie. Nuevamente aparec\u00eda la contradicci\u00f3n \u201cCivilizaci\u00f3n o Barbarie\u201d, acu\u00f1ada por Sarmiento para agraviar a los caudillos federales.<\/p>\n\n\n\n<p>El gobierno militar debi\u00f3 ceder y traer a Per\u00f3n a la Casa Rosada. Farrell no tuvo otra opci\u00f3n m\u00e1s que llamar a elecciones para febrero de 1946. La f\u00f3rmula Per\u00f3n-Quijano se impuso a la de la Uni\u00f3n Democr\u00e1tica, una alianza de todas las expresiones partidarias opositoras.&nbsp;<\/p>\n\n\n\n<p><strong>Estado de Bienestar<\/strong><\/p>\n\n\n\n<p>Con las elecciones de 1946 se modific\u00f3 el modelo de sustituci\u00f3n de importaciones. El Estado segu\u00eda siendo interventor pero, ya no liberal, sino benefactor; asumi\u00f3 un rol activo en la econom\u00eda y en la protecci\u00f3n de los derechos sociales, a trav\u00e9s de las pol\u00edticas sociales.<br>El proyecto enfrent\u00f3 al sector olig\u00e1rquico y al capital extranjero, con la irrupci\u00f3n de la clase obrera en el escenario pol\u00edtico, en alianza con parte de la burgues\u00eda industrial y algunos sectores medios. A trav\u00e9s del Instituto Argentino para la Promoci\u00f3n del Intercambio (IAPI), el Estado capt\u00f3 excedentes de la actividad agrario-exportadora para su redistribuci\u00f3n.<\/p>\n\n\n\n<p>Con el proceso de Industrializaci\u00f3n deliberada se intensific\u00f3 la migraci\u00f3n de poblaci\u00f3n desde \u00e1reas rurales a las ciudades. Hubo una expansi\u00f3n de las empresas p\u00fablicas por pol\u00edticas de nacionalizaciones. La redistribuci\u00f3n de la riqueza a favor de los trabajadores y las pol\u00edticas sociales se tradujo en una fuerte ampliaci\u00f3n del mercado interno. Se democratiz\u00f3 la ense\u00f1anza universitaria y se dio un importante apoyo a investigaciones y eventos cient\u00edficos sobre salud y trabajo. Se incorpor\u00f3 la \u201cplanificaci\u00f3n\u201d a trav\u00e9s de los Planes Quinquenales. El Primer Plan Quinquenal 1947\/51, estableci\u00f3 la obligatoriedad de la educaci\u00f3n entre los cinco y los catorce a\u00f1os.<br>En el primer gobierno de Per\u00f3n (1946-1952) hubo una clara ampliaci\u00f3n de la ciudadan\u00eda pol\u00edtica, por ejemplo, con la ley de voto para los habitantes de los territorios nacionales -convertidos en provincias- y la ley de voto femenino. Muchos a\u00f1os antes, socialistas y grupos de mujeres organizadas ven\u00edan impulsando infructuosamente estos derechos.&nbsp;<\/p>\n\n\n\n<p><strong>Evita<\/strong><\/p>\n\n\n\n<p>Eva Duarte de Per\u00f3n, Evita, tuvo un rol fundamental para el logro de conquistas obreras y en la protecci\u00f3n de&nbsp;&nbsp;mujeres y ni\u00f1os desvalidos a trav\u00e9s de la Fundaci\u00f3n Eva Per\u00f3n. Interpel\u00f3 a las mujeres para que participen en la presentaci\u00f3n del proyecto de voto femenino. La Ley de Sufragio Femenino se debati\u00f3 y se vot\u00f3 en septiembre de 1947. Las mujeres argentinas pasaban a tener los mismos derechos y obligaciones pol\u00edticas que los hombres. En 1949 se cre\u00f3 el Partido Peronista Femenino (PPF) y en las elecciones de 1951 las mujeres votaron por primera vez.&nbsp;<\/p>\n\n\n\n<p>Seg\u00fan Eva Per\u00f3n, la vanguardia ser\u00eda un producto de la intervenci\u00f3n pol\u00edtica, social y pedag\u00f3gica sobre la ni\u00f1ez pobre. Todo joven humilde pod\u00eda alcanzar la m\u00e1s alta ciudadan\u00eda, los hijos de los trabajadores deb\u00edan aprender en las escuelas \u201ctodo lo que se necesita para ser presidente de la Rep\u00fablica\u201d. La afirmaci\u00f3n \u00ablos \u00fanicos privilegiados son los ni\u00f1os\u00bb, se expresaba en acciones como las colonias de vacaciones, los campeonatos deportivos \u00abEvita\u00bb, la Rep\u00fablica de los Ni\u00f1os de Gonnet o la Ciudad de los Ni\u00f1os de La Plata.<\/p>\n\n\n\n<p>Evita muri\u00f3 el 26 de julio de 1952, cuando ten\u00eda solo treinta y tres a\u00f1os, a consecuencia de un c\u00e1ncer. A\u00fan enferma, no dej\u00f3 de atender sus tareas en la Fundaci\u00f3n que dirig\u00eda ni de acompa\u00f1ar a Per\u00f3n en su gobierno. Evita qued\u00f3 en el imaginario social, sobre todo en las nuevas generaciones, como el ejemplo de militancia, de entrega y de solidaridad.&nbsp;<\/p>\n\n\n<div class=\"menuPiePaginas\" style=\"margin-top: 200px\">\n<div class=\"anterior\">\n<a href=\"https:\/\/nosotrasenlibertad.com\/libroweb\/america-y-la-segunda-guerra-mundial\/\">Anterior<\/a>\n<\/div>\n<div class=\"siguiente\">\n<a href=\"https:\/\/nosotrasenlibertad.com\/libroweb\/la-fuerza-y-la-ley\/\">Siguiente<\/a>\n<\/div>\n<\/div>","protected":false},"excerpt":{"rendered":"<p>A principios de octubre de 1945, el presidente Farrell cediendo a las presiones de los oficiales de Campo de Mayo, pidi\u00f3 la renuncia de Per\u00f3n y orden\u00f3 su detenci\u00f3n y posterior traslado a la isla Mart\u00edn Garc\u00eda. La Confederaci\u00f3n General del Trabajo (CGT) -creada en 1930- convoc\u00f3 un paro para el d\u00eda 18 de octubre, [&hellip;]<\/p>\n","protected":false},"author":1,"featured_media":0,"parent":0,"menu_order":0,"comment_status":"closed","ping_status":"closed","template":"pg-estaticas.php","meta":{"_acf_changed":false,"footnotes":""},"class_list":["post-13161","page","type-page","status-publish","hentry"],"acf":[],"_links":{"self":[{"href":"https:\/\/nosotrasenlibertad.com\/libroweb\/wp-json\/wp\/v2\/pages\/13161","targetHints":{"allow":["GET"]}}],"collection":[{"href":"https:\/\/nosotrasenlibertad.com\/libroweb\/wp-json\/wp\/v2\/pages"}],"about":[{"href":"https:\/\/nosotrasenlibertad.com\/libroweb\/wp-json\/wp\/v2\/types\/page"}],"author":[{"embeddable":true,"href":"https:\/\/nosotrasenlibertad.com\/libroweb\/wp-json\/wp\/v2\/users\/1"}],"replies":[{"embeddable":true,"href":"https:\/\/nosotrasenlibertad.com\/libroweb\/wp-json\/wp\/v2\/comments?post=13161"}],"version-history":[{"count":8,"href":"https:\/\/nosotrasenlibertad.com\/libroweb\/wp-json\/wp\/v2\/pages\/13161\/revisions"}],"predecessor-version":[{"id":13469,"href":"https:\/\/nosotrasenlibertad.com\/libroweb\/wp-json\/wp\/v2\/pages\/13161\/revisions\/13469"}],"wp:attachment":[{"href":"https:\/\/nosotrasenlibertad.com\/libroweb\/wp-json\/wp\/v2\/media?parent=13161"}],"curies":[{"name":"wp","href":"https:\/\/api.w.org\/{rel}","templated":true}]}}