{"id":13369,"date":"2021-10-06T13:17:43","date_gmt":"2021-10-06T13:17:43","guid":{"rendered":"https:\/\/nosotrasenlibertad.com\/libroweb\/?page_id=13369"},"modified":"2021-10-12T21:50:16","modified_gmt":"2021-10-12T21:50:16","slug":"nosotras-y-el-cine","status":"publish","type":"page","link":"https:\/\/nosotrasenlibertad.com\/libroweb\/nosotras-y-el-cine\/","title":{"rendered":"Nosotras y el cine"},"content":{"rendered":"\n<div class=\"wp-block-image\"><figure class=\"aligncenter size-full\"><img decoding=\"async\" width=\"178\" height=\"300\" data-src=\"https:\/\/nosotrasenlibertad.com\/libroweb\/wp-content\/uploads\/2021\/10\/proyector.png\" alt=\"\" class=\"wp-image-13501 lazyload\" src=\"data:image\/svg+xml;base64,PHN2ZyB3aWR0aD0iMSIgaGVpZ2h0PSIxIiB4bWxucz0iaHR0cDovL3d3dy53My5vcmcvMjAwMC9zdmciPjwvc3ZnPg==\" style=\"--smush-placeholder-width: 178px; --smush-placeholder-aspect-ratio: 178\/300;\" \/><\/figure><\/div>\n\n\n\n<p class=\"bajadasEstaticas\">Los cambios culturales pudieron apreciarse en el s\u00e9ptimo arte de la mano de directorxs que, con una mirada aguda, recogieron las luchas populares desde sus registros f\u00eclmicos.&nbsp; Es indudable que en esa \u00e9poca se profundizaron los cambios y las transformaciones tecnol\u00f3gicas y est\u00e9ticas en el discurso, lo que permiti\u00f3 el acceso a nuevas maneras de retratar la vida.&nbsp; Los invitamos a bucear por las pantallas.<\/p>\n\n\n\n<div style=\"height:50px\" aria-hidden=\"true\" class=\"wp-block-spacer\"><\/div>\n\n\n\n<p><strong>Antonioni, <strong>Michelangelo<\/strong>. (Director). (1960). <strong><em>Zabrisky Point<\/em><\/strong>. [Pel\u00edcula]. Carlo Ponti. <\/strong><br>Los Estados Unidos a finales de 1960 visto a trav\u00e9s de los j\u00f3venes<br><a rel=\"noreferrer noopener\" href=\"https:\/\/youtu.be\/VVlFtA8ZUJ0\" target=\"_blank\">https:\/\/youtu.be\/VVlFtA8ZUJ0<\/a><\/p>\n\n\n\n<p><strong>Ayala, <strong>Fernando<\/strong>. (Director). (1966). <strong><em>La Fiaca<\/em>. [Pel\u00edcula]. Aries Cinematog\u00e1fica Argentina. <\/strong><\/strong><br>Un d\u00eda un hombre decide no ir a trabajar porque no quiere. Su madre, esposa y compa\u00f1eros de trabajo reaccionan de una forma exagerada.<br><a rel=\"noreferrer noopener\" href=\"https:\/\/youtu.be\/2is9Kolmgvw\" target=\"_blank\">https:\/\/youtu.be\/2is9Kolmgvw<\/a><\/p>\n\n\n\n<p><strong>Bemberg, <strong>Mar\u00eda Luisa. (Directora). (<\/strong>1982). <strong><em>Se\u00f1ora de Nadie. <\/em>[Pel\u00edcula]<\/strong><\/strong>. <strong>Lita Stantic.<\/strong><br>Una ama de casa descubre un d\u00eda que su marido la enga\u00f1a con otra mujer. Destrozada por la infidelidad de su marido, deja su casa para empezar una vida independiente en casa de su t\u00eda y conocer\u00e1 a un tierno joven homosexual, tan desolado como ella.<br><a rel=\"noreferrer noopener\" href=\"https:\/\/youtu.be\/B8zn4VkO-kE\" target=\"_blank\">https:\/\/youtu.be\/B8zn4VkO-kE<\/a><\/p>\n\n\n\n<p><strong>Bergman, <strong>Ingmar<\/strong>. (Director). (1963). <em><strong>Tystnaden <\/strong><\/em><strong><em>[El Silencio].<\/em> [Pel\u00edcula]. Svensk Filmindustri<\/strong>.<\/strong><br>La enfermiza e intelectual Ester, su hermana Anna y el joven hijo de Anna, Johan, viajan a trav\u00e9s de un pa\u00eds europeo al borde de la guerra y llegan a un hotel vac\u00edo. La incapacidad de comunicarse entre los tres parece empeorar la estad\u00eda.<br><a rel=\"noreferrer noopener\" href=\"https:\/\/youtu.be\/vZ-pnXuThqY\" target=\"_blank\">https:\/\/youtu.be\/vZ-pnXuThqY<\/a><\/p>\n\n\n\n<p><strong>Bergman, <strong>Ingmar<\/strong>. (Director). (1972). <em>Gritos y susurros<\/em>.[Pel\u00edcula]. Lars-Owe Carlberg. <\/strong><br>Karin, Mar\u00eda y Agnes, tres hermanas con unas vidas muy diferentes, se re\u00fanen en la casa familiar para pasar juntas los \u00faltimos d\u00edas de vida de Agnes<br>ht<a rel=\"noreferrer noopener\" href=\"\/\/youtu.be\/OjTMK5zZgFw\" target=\"_blank\">tps:\/\/youtu.be\/OjTMK5zZgFw<\/a><\/p>\n\n\n\n<p> <strong>Bergman, <strong>Ingmar<\/strong>. (Director). (1973). <em>Secretos de un matrimonio<\/em>. [Pel\u00edcula]. <strong>Lars-Owe Carlberg. <\/strong> <\/strong><br>El matrimonio formado por Johan, profesor de psicolog\u00eda, y Marianne, abogada, recibe una noche en su casa la visita de sus amigos, Peter y Katerina. \u2026 Cuando se quedan solos, Johan y Marianne piensan en todo lo que a ellos les pasa y en su matrimonio, que ya dura diez a\u00f1os.<br><a rel=\"noreferrer noopener\" href=\"https:\/\/youtu.be\/F874ZZxUj6M\" target=\"_blank\">https:\/\/youtu.be\/F874ZZxUj6M<\/a><\/p>\n\n\n\n<p><strong>Bergman, <strong>Ingmar<\/strong>. (Director). (1977). <em>El huevo de la Serpiente<\/em>. [Pel\u00edcula]. Dino de Laurentiis. <\/strong><br>En la Alemania de la post guerra, un jud\u00edo artista del trapecio sufre periodos severos de depresi\u00f3n y enajenaci\u00f3n.<br><a rel=\"noreferrer noopener\" href=\"https:\/\/youtu.be\/Ss-hRjhIAM4\" target=\"_blank\">https:\/\/youtu.be\/Ss-hRjhIAM4<\/a><\/p>\n\n\n\n<p><strong>Birri, <strong>Fernando<\/strong>. (Director). (1960). <strong><em>Tire di\u00e9<\/em><\/strong> [Pel\u00edcula]. <\/strong><br>Documental sobre las penurias de un grupo de ni\u00f1os de Santa Fe, Argentina, que suplican limosna a los pasajeros de un tren cada d\u00eda. \u00abTire di\u00e9\u00bb, hom\u00f3nimo de \u00abtire diez centavos\u00bb, es el grito que enarbolan cada ma\u00f1ana.<br><a rel=\"noreferrer noopener\" href=\"https:\/\/youtu.be\/jOoyum7M0ww\" target=\"_blank\">https:\/\/youtu.be\/jOoyum7M0ww<\/a><\/p>\n\n\n\n<p><strong>Bu\u00f1uel, <strong>Luis<\/strong>. (Director). (1970).<\/strong> <strong><em>El discreto encanto de la burgues\u00eda<\/em>. [Pel\u00edcula]. <strong>Serge Siberman.<\/strong><\/strong><br>El cuento surrealista de Bu\u00f1uel de dos familias que hacen planes para juntarse, pero que<br>Que en todo momento se arruina<br><a rel=\"noreferrer noopener\" href=\"https:\/\/youtu.be\/cp4teMU950E\" target=\"_blank\">https:\/\/youtu.be\/cp4teMU950E<\/a><\/p>\n\n\n\n<p> <strong>Bu\u00f1uel, <strong>Luis<\/strong>. (Director). (1970).<\/strong> <strong><em>El fantasma de la libertad<\/em>. [Pel\u00edcula]. <strong>Serge Siberman.<\/strong> <\/strong><br>Una serie de an\u00e9cdotas de Luis Bu\u00f1uel en las cuales comenta lo irracional de la vida<br>contempor\u00e1nea y la civilizaci\u00f3n.<br><a rel=\"noreferrer noopener\" href=\"https:\/\/youtu.be\/FaCTFppQ2GA\" target=\"_blank\">https:\/\/youtu.be\/FaCTFppQ2GA<\/a><\/p>\n\n\n\n<p> <strong>Bu\u00f1uel, <strong>Luis<\/strong>. (Director). (1970).<\/strong> <strong><em>Ese oscuro objeto del deseo<\/em>. [Pel\u00edcula]. Serge Siberman.<\/strong><br>Durante un viaje en tren, un hombre franc\u00e9s recuerda una aventura sentimental con una<br>espa\u00f1ola caprichosa.<br><a rel=\"noreferrer noopener\" href=\"https:\/\/youtu.be\/UGpyxjuQuGU\" target=\"_blank\">https:\/\/youtu.be\/UGpyxjuQuGU<\/a><\/p>\n\n\n\n<p><strong>Bu\u00f1uel, <strong>Luis<\/strong>. (Director). (1970). <strong><em>Tristana<\/em><\/strong>. [Pel\u00edcula]. Luis Bu\u00f1el; Robert Dorfmann.<\/strong><br>Una joven mujer es seducida por su tutor, tambi\u00e9n ama a un artista<br><a rel=\"noreferrer noopener\" href=\"https:\/\/youtu.be\/gUtZEA9H4tw\" target=\"_blank\">https:\/\/youtu.be\/gUtZEA9H4tw<\/a><\/p>\n\n\n\n<p><strong>Costa Gavras. (Director). (1969). <strong><em> Z<\/em><\/strong>. [Pel\u00edcula]. Jacques Perrin; Ahmed Rachedi<\/strong>.<br>La pel\u00edcula presenta de una forma ficticia los hechos que rodearon el asesinato del pol\u00edtico dem\u00f3crata griego GrigorisLambrakis en 1963. Con su visi\u00f3n sat\u00edrica de la pol\u00edtica griega, su oscuro sentido del humor y su escalofriante final, es un grito contra la dictadura militar que dominaba Grecia en aquellos a\u00f1os.<br><a rel=\"noreferrer noopener\" href=\"https:\/\/youtu.be\/ccwVQa7cZ2o\" target=\"_blank\">https:\/\/youtu.be\/ccwVQa7cZ2o<\/a><\/p>\n\n\n\n<p><strong>Costa Gavras. (Director). (1972). <strong><em>Estado de Sitio <\/em>[Pel\u00edcula]. <strong>Dieter Geissler Filmproduktion; Reggane Films Unidis; Cinema X, Euro International Film (EIA)<\/strong><\/strong><\/strong>.<br>En Uruguay, en el a\u00f1o 1970, un funcionario ligado a la CIA perteneciente a una agencia gubernamental estadounidense orientada al entrenamiento de fuerzas policiales extranjeras, Daniel Anthony Mitrione (Yves Montand), es secuestrado por la guerrilla urbana uruguaya.<br><a rel=\"noreferrer noopener\" href=\"https:\/\/youtu.be\/u6IRgXfVS3A\" target=\"_blank\">https:\/\/youtu.be\/u6IRgXfVS3A<\/a><\/p>\n\n\n\n<p><strong>Dunning, <strong>George<\/strong>. (Director).(1968). <strong><em>Submarino Amarillo<\/em><\/strong>. [Pel\u00edcula]. Apple Corps; King Features; Syndicate United Artists<\/strong>.<br>Los habitantes y amantes de la m\u00fasica de Pepperland, se encuentran sitiados por los Blue Meanies, un desagradable grupo de criaturas que odian la m\u00fasica.Los Beatles viajan en un submarino amarillo hasta la ocupada Pepperland, en donde los Blue Meanies no pueden contra las melod\u00edas del grupo.<br><a rel=\"noreferrer noopener\" href=\"https:\/\/youtu.be\/uOlwwoZLoKE\" target=\"_blank\">https:\/\/youtu.be\/uOlwwoZLoKE<\/a><\/p>\n\n\n\n<p><strong>Eisestein, <strong>Sergei<\/strong><\/strong>. <strong>(Director). (1925). <strong><em> El acorazado Potemkin<\/em><\/strong>. [Pel\u00edcula].Mosfilm; Goskino. <\/strong> <strong> <\/strong><br>Una cl\u00e1sica historia de Sergei Eisenstein a bordo de un buque zarista durante la fallida insurrecci\u00f3n de 1905.<br><a rel=\"noreferrer noopener\" href=\"https:\/\/youtu.be\/u13TMl9pnZA\" target=\"_blank\">https:\/\/youtu.be\/u13TMl9pnZA<\/a><\/p>\n\n\n\n<p><strong>Fabio, <strong>Leonardo<\/strong>. (Director). (1973).<em> <strong>Juan Moreira<\/strong>.<\/em> [Pel\u00edcula]. Centauro Films. <\/strong><br>Juan Moreira era un gaucho trabajador y respetado, guitarrero y cantor, en el Partido de La Matanza con una respetable peque\u00f1a propiedad. Est\u00e1 enamorado de Vicenta Andrea, la m\u00e1s linda paisanita de esos pagos, Pero Vicenta es pretendida tambi\u00e9n por Don Francisco, el teniente alcalde de la regi\u00f3n, al mando de la polic\u00eda\u2026<br><a rel=\"noreferrer noopener\" href=\"https:\/\/youtu.be\/qcQeE4pCZ_Y\" target=\"_blank\">https:\/\/youtu.be\/qcQeE4pCZ_Y<\/a><\/p>\n\n\n\n<p><strong>Favio, <strong>Leonardo<\/strong><\/strong>. <strong>(Director). (1965). <strong><em>Cr\u00f3nica de un ni\u00f1o solo<\/em><\/strong><\/strong>. <strong>[Pel\u00edcula]<\/strong>.<br>Un ni\u00f1o sumido en el abandono logra escapar del asilo donde se encuentra para entrar a una sociedad fr\u00eda y cruel.<br><a rel=\"noreferrer noopener\" href=\"https:\/\/youtu.be\/rV7OEddVh88\" target=\"_blank\">https:\/\/youtu.be\/rV7OEddVh88<\/a><\/p>\n\n\n\n<p><strong>Fellini, <strong>Federico<\/strong><\/strong>. <strong>(Director). (1954)<\/strong> <strong><em>Giulietta degli spiriti [Giulietta de los esp\u00edritus]<\/em>. [Pel\u00edcula]. Angelo Rizzoli<\/strong>.<br>Una on\u00edrica obra surrealista centrada en la figura de GuilettaMasina, una mujer de la alta burgues\u00eda que es bastante infeliz dentro de su matrimonio, por lo que contrata a un ps\u00edquico.<br><a rel=\"noreferrer noopener\" href=\"https:\/\/youtu.be\/E-uLAsWYro4\" target=\"_blank\">https:\/\/youtu.be\/E-uLAsWYro4<\/a><\/p>\n\n\n\n<p><strong>Fellini, <strong>Federico<\/strong>. (Director). (1960). <em>L<strong>a dolce vita [La dulce vida]. [<\/strong><\/em><strong>Pel\u00edcula]. Giuseppe Amato; Angelo Rizzoli.  <\/strong><em><strong> <\/strong><\/em><\/strong><br>La cinta muestra una serie de noches y ma\u00f1anas a lo largo de la ViaVeneto de Roma, vistos desde el punto de vista de su personaje principal, un escritor de cr\u00f3nicas sociales llamado Marcelo Rubini;<br><a rel=\"noreferrer noopener\" href=\"https:\/\/youtu.be\/w9yTpc4sFY0\" target=\"_blank\">https:\/\/youtu.be\/w9yTpc4sFY0<\/a><\/p>\n\n\n\n<p><strong>Fellini, <strong>Federico<\/strong><\/strong>.<strong>(Director). (1954). <strong><em>La Strada<\/em>. [Pel\u00edcula]. Dino de Laurentiis; Carlo Ponte<\/strong><\/strong>.<br>El fortach\u00f3n del circo desea matar al acr\u00f3bata que se burlaba de \u00e9l. Ganadora del Oscar a la mejor pel\u00edcula extranjera.<br><a rel=\"noreferrer noopener\" href=\"https:\/\/youtu.be\/lRbHxsm4mHY\" target=\"_blank\">https:\/\/youtu.be\/lRbHxsm4mHY<\/a><\/p>\n\n\n\n<p><strong>Fellini, <strong>Federico<\/strong><\/strong>.<strong>(Director). (1973).<\/strong> <strong><em>Amarcord<\/em>. [<em>Reclamos<\/em>] [Pel\u00edcula]. Franco Cristaldi.<\/strong><br>El largometraje cuenta la historia de algunos personajes que viven en la ficticia ciudad de Borgo, basada en la ciudad de R\u00edmini, ciudad natal de Federico Fellini, durante el per\u00edodo de la Italia fascista en la d\u00e9cada de 1930.<br><a rel=\"noreferrer noopener\" href=\"https:\/\/youtu.be\/kfwbTYlF46Y\" target=\"_blank\">https:\/\/youtu.be\/kfwbTYlF46Y<\/a><\/p>\n\n\n\n<p><strong>Forman, <strong>Milos<\/strong>. (Director). (1976). <em><strong>Atrapado sin salida<\/strong>.<\/em> [Pel\u00edcula]. United Artists;&nbsp;Fantasy Film. <\/strong><br>Un grupo de pacientes mentales sigue a Randle P. McMurphy, el personaje inadaptado social de la novela de Ken Kesey.<br><a rel=\"noreferrer noopener\" href=\"https:\/\/youtu.be\/1qMFh22qGyg\" target=\"_blank\">https:\/\/youtu.be\/1qMFh22qGyg<\/a><\/p>\n\n\n\n<p><strong>Kubrick, <strong>Stanley<\/strong>. (Director). (1971). <strong><em>La Naranja Mec\u00e1nica<\/em><\/strong>. [Pel\u00edcula]. Rachel Elkind. <\/strong><br>Un criminal en la Inglaterra del futuro pasa una serie de procesos experimentales para corregir sus impulsos violentos.<br><a rel=\"noreferrer noopener\" href=\"https:\/\/youtu.be\/RcirhQd9TN8\" target=\"_blank\">https:\/\/youtu.be\/RcirhQd9TN8<\/a><\/p>\n\n\n\n<p><strong>Littin, <strong>Miguel<\/strong>. (Director). (1963). <strong><em>El chacal de Nahueltoro<\/em>. [Pel\u00edcula]. Universidad de Chile.<\/strong>  <\/strong><br>Jorge del Carmen Valenzuela, un campesino de precarias condiciones sociales y econ\u00f3micas, se hizo conocido por protagonizar un homicidio m\u00faltiple en la localidad de Nahueltoro<br><a rel=\"noreferrer noopener\" href=\"https:\/\/youtu.be\/g-0q-ea7IyM\" target=\"_blank\">https:\/\/youtu.be\/g-0q-ea7IyM<\/a><\/p>\n\n\n\n<p><strong>Monicelli, <strong>Mario<\/strong>. (Director). (1963). <strong><em>Los compa\u00f1eros<\/em><\/strong>. [Pel\u00edcula]. Coproducci\u00f3n Italia-Francia-Yugoslavia<\/strong>.<br>Un profesor que organiza una huelga para los obreros textiles no puede obtener jornadas<br>m\u00e1s cortas y ni seguro de grupo.<br><a rel=\"noreferrer noopener\" href=\"https:\/\/youtu.be\/IEQMadi-aIA\" target=\"_blank\">https:\/\/youtu.be\/IEQMadi-aIA<\/a><\/p>\n\n\n\n<p><strong>Monicelli, <strong>Mario. (Director). (<\/strong>1966). <strong><em>La armada Brancaleone<\/em><\/strong>. [Pel\u00edcula]. Mario Cecchi Gori<\/strong>. <br>Una banda de p\u00edcaros roba un pergamino e intenta apoderarse de una tierra, con la ayuda de un caballero peludo.<br><a rel=\"noreferrer noopener\" href=\"https:\/\/youtu.be\/YYEWhXBHAC0\" target=\"_blank\">https:\/\/youtu.be\/YYEWhXBHAC0<\/a><\/p>\n\n\n\n<p><strong>Olivera, <strong>H\u00e9ctor<\/strong>. (Director). (1974). <em>L<strong>a Patagonia Rebelde<\/strong><\/em><strong> [Pel\u00edcula]. Fernando Ayala; H\u00e9ctor Olivera<\/strong><\/strong>.<br>Basada en el libro de Osvaldo Bayer \u201cLos vengadores de la patagonia tr\u00e1gica\u201d En La Patagonia, a principios de siglo, el ej\u00e9rcito pone fin a una rebeli\u00f3n campesina, en defensa de los oligarcas.<br><a rel=\"noreferrer noopener\" href=\"https:\/\/youtu.be\/t0BZuFB2M2Q\" target=\"_blank\">https:\/\/youtu.be\/t0BZuFB2M2Q<\/a><\/p>\n\n\n\n<p><strong>Olmi, <strong>Ermanno<\/strong>.( Director). (1978). <strong><em>El \u00e1rbol de los zuecos<\/em><\/strong>. [Pel\u00edcula]. RAI; GPC Italia.<\/strong><br>Un a\u00f1o revela las vidas de cinco familias en una peque\u00f1a comunidad granjera en Italia<br>justo antes de que inicie el siglo XX.<br><a rel=\"noreferrer noopener\" href=\"https:\/\/youtu.be\/FfZecuvl_Cw\" target=\"_blank\">https:\/\/youtu.be\/FfZecuvl_Cw<\/a><\/p>\n\n\n\n<p><strong>Oshima, <strong>Nagisa<\/strong>. (Director). (1976).<em> <strong>El imperio de los sentidos<\/strong><\/em>. [Pel\u00edcula]. Anatole Dauman. <\/strong><br>Sada Abe es una ex prostituta que mantiene una relaci\u00f3n con el propietario del hotel en el que trabaja.<br><a rel=\"noreferrer noopener\" href=\"https:\/\/youtu.be\/ZzLR14R6eLk\" target=\"_blank\">https:\/\/youtu.be\/ZzLR14R6eLk<\/a><\/p>\n\n\n\n<p><strong>Petri, <strong>Elio<\/strong>. (Director). (1971). <strong><em>La clase obrera va al para\u00edso<\/em><\/strong>. [Pel\u00edcula]. Ugo Tucci.<\/strong><br>La vida de un obrero cambia cuando sufre un accidente en la f\u00e1brica y los trabajadores se solidarizan con \u00e9l.<br><a rel=\"noreferrer noopener\" href=\"https:\/\/youtu.be\/ilBKdG03v28\" target=\"_blank\">https:\/\/youtu.be\/ilBKdG03v28<\/a><\/p>\n\n\n\n<p><strong>Pontecorvo, <strong>Gillo<\/strong>. (Director). (1966).<strong> <em>La Batalla de Argelia<\/em>. [Pel\u00edcula]. Igor Film; Casbah Film<\/strong>.  <\/strong><br>Reconstruye los hechos ocurridos en la capital de la Argelia francesa entre noviembre de 1954 y diciembre de 1957, durante la Guerra de la Independencia. El relato comienza con la organizaci\u00f3n de c\u00e9lulas revolucionarias en la Casbah. Despu\u00e9s tuvo lugar el sangriento enfrentamiento civil entre los argelinos nativos y los colonos europeos<br><a rel=\"noreferrer noopener\" href=\"https:\/\/youtu.be\/zpn4Htfrv88\" target=\"_blank\">https:\/\/youtu.be\/zpn4Htfrv88<\/a><\/p>\n\n\n\n<p><strong>Pontecorvo, <strong>Gillo<\/strong><\/strong>. <strong>(Director). (1969). <strong><em>Queimada<\/em><\/strong>. [Pel\u00edcula]. Alberto Grimaldi. <\/strong><br>William Walker, un agente ingl\u00e9s, es enviado a Queimada, isla imaginaria del Caribe, para fomentar una revuelta contra los portugueses. Sin embargo, el objetivo de esta operaci\u00f3n es que Inglaterra sustituya a Portugal como potencia colonialista.<br><a rel=\"noreferrer noopener\" href=\"https:\/\/youtu.be\/mCNkA6q1Rsk\" target=\"_blank\">https:\/\/youtu.be\/mCNkA6q1Rsk<\/a><\/p>\n\n\n\n<p><strong>Renan, <strong>Sergio<\/strong>. (Director). (1974). <strong><em>La tregua. <\/em>[Pel\u00edcula]<em>.<\/em>Tamames-Zemborain. <\/strong> <\/strong><br>La vida de un oficinista viudo, con tres hijos se transforma tras la llegada de una nueva compa\u00f1era de trabajo y las viviencias con ella.<br><a rel=\"noreferrer noopener\" href=\"https:\/\/youtu.be\/qhyU_nQupgo\" target=\"_blank\">https:\/\/youtu.be\/qhyU_nQupgo<\/a><\/p>\n\n\n\n<p><strong><strong>Rossif<\/strong>, Fr\u00e9d\u00e9ric. (Director). (1963). <strong><em>Morir en Madrid<\/em><\/strong>. [Pel\u00edcula]. Nicole St\u00e9phane. <\/strong><br>Documental con testimonios y opiniones acerca de la Guerra Civil Espa\u00f1ola.<br><a rel=\"noreferrer noopener\" href=\"https:\/\/youtu.be\/jK8ZZf9x920\" target=\"_blank\">https:\/\/youtu.be\/jK8ZZf9x920<\/a><\/p>\n\n\n\n<p><strong>Sanjin\u00e9s, <strong>Jorge<\/strong>. (Director). (1969). <strong><em>Sangre de c\u00f3ndores<\/em><\/strong>. [Pel\u00edcula]. Grupo Ukamau.<\/strong> <strong> <\/strong><br>Una tribu quechua quiere vengar a sus mujeres cuando descubren que fueron esterilizadas en secreto por una organizaci\u00f3n estadounidense que en teor\u00eda iba a ayudarlos, todo bajo el amparo del gobierno boliviano.<br><a rel=\"noreferrer noopener\" href=\"https:\/\/youtu.be\/3AU007LEfTE\" target=\"_blank\">https:\/\/youtu.be\/3AU007LEfTE<\/a><\/p>\n\n\n\n<p><strong><span><b>Solanas, <\/b>Pino<b>&#8211; Getino, <\/b>Octavio<\/span>. (Directores). (1973). <em>La hora de los hornos<\/em>. Grupo Cine Liberaci\u00f3n<\/strong>.<br>La hora de los hornos es, ante todo y como el propio Solanas lo describe, un \u201censayo<br>ideol\u00f3gico y pol\u00edtico\u201d. presentauna serie de tesis sociales y pol\u00edticas que desarrolla extensamente a lo largo de sus tres parteso secciones (\u201cNeocolonialismo y violencia\u201d, \u201cActo para la liberaci\u00f3n\u201d y \u201cViolencia yliberaci\u00f3n\u201d).<br><a rel=\"noreferrer noopener\" href=\"https:\/\/youtu.be\/Ts7WeqG0xyk\" target=\"_blank\">https:\/\/youtu.be\/Ts7WeqG0xyk<\/a><\/p>\n\n\n\n<p><strong>Visconti, <strong>Luchino<\/strong>. (Director). (1960). <strong><em>Rocco y sus hermanos<\/em><\/strong>. [Pel\u00edcula]. Goffredo Lombardo. <\/strong><br>Una viuda humilde y sus cinco hijos se mudan de una peque\u00f1a aldea italiana en busca de una vida mejor.<br><a rel=\"noreferrer noopener\" href=\"https:\/\/youtu.be\/yGW5BXivQuw\" target=\"_blank\">https:\/\/youtu.be\/yGW5BXivQuw<\/a><\/p>\n\n\n\n<p><strong>Vittorio de Sicca. (Director). (1948). <strong>Ladr\u00f3n de bicicletas<\/strong>. [Pel\u00edcula]. Vittorio de Sicca; Giuseppe Amato. <\/strong><br>Despu\u00e9s de la guerra, un hombre humilde y su hijo buscan en Roma la bicicleta que les robaron ya que \u00e9l necesita trabajar.<br><a rel=\"noreferrer noopener\" href=\"https:\/\/youtu.be\/xEkKMBkBRYs\" target=\"_blank\">https:\/\/youtu.be\/xEkKMBkBRYs<\/a><\/p>\n\n\n\n<p><strong>Wadleigh, <strong>Michael<\/strong><\/strong>. <strong>(Director). (1970). <strong><em>Woodstock<\/em> .[Pel\u00edcula]. Warner Bros.<\/strong> <\/strong><br>En este documental, el ic\u00f3nico evento es narrado a detalle, desde la idea del evento a trav\u00e9s entrega a\u00e9rea de comida y suministros m\u00e9dicos por parte de la Guardia Nacional. El filme contiene presentaciones, entrevistas con artistas e im\u00e1genes de los fan\u00e1ticos en un retrato de Estados Unidos de los sesenta.<br><a rel=\"noreferrer noopener\" href=\"https:\/\/youtu.be\/akpRNndzWoQ\" target=\"_blank\">https:\/\/youtu.be\/akpRNndzWoQ<\/a><\/p>\n\n\n\n<p><strong>Ward Baker, <strong>&#8211; Roy<\/strong>. (Director). (1958). <em><strong>Night to Remember<\/strong> [<strong>La \u00faltima Noche del Titanic]<\/strong>. <\/em><strong><strong>[Pel\u00edcula]<\/strong><\/strong>. William Mac Quitty.&nbsp;<\/strong><br>En su viaje inaugural, el mayor y m\u00e1s lujoso transatl\u00e1ntico construido hasta la fecha se deslizaba veloz, soberbio y majestuoso, con la seguridad del que se sabe insumergible. Nada hacia presumir la tragedia<br><a rel=\"noreferrer noopener\" href=\"https:\/\/youtu.be\/0tbUq61_AZc\" target=\"_blank\">https:\/\/youtu.be\/0tbUq61_AZc<\/a><\/p>\n\n\n\n<p><strong>Wertm\u00fcller, <strong>Lina<\/strong>. (Directora). (1972). <strong><em>Mim\u00ed metal\u00fargico<\/em><\/strong>. [Pel\u00edcula]. Eurointer.  <\/strong><br>Mimi pierde su trabajo y decide dejar a su esposa y mudarse a otro lugar. En Tur\u00edn, se convierte en metal\u00fargico y se enamora de una comunista.<br><a rel=\"noreferrer noopener\" href=\"https:\/\/youtu.be\/AVe3HY72SHQ\" target=\"_blank\">https:\/\/youtu.be\/AVe3HY72SHQ<\/a><\/p>\n\n\n\n<p><span><b>Wullicher,<\/b><strong><b> <\/b>Ricardo<\/strong><\/span><strong>. (Director). (1974). <strong><em>Quebracho<\/em><\/strong>. [Pel\u00edcula]. Talar Films. <\/strong><br>Narra la historia de La Forestal, empresa inglesa de explotaci\u00f3n del quebracho colorado instalada en la Argentina, desde 1900 hasta 1963, en el norte de la Provincia de Santa Fe y sudeste del Chaco.<br><a rel=\"noreferrer noopener\" href=\"https:\/\/youtu.be\/XvuBjetfI-Q\" target=\"_blank\">https:\/\/youtu.be\/XvuBjetfI-Q<\/a><\/p>\n\n\n<div class=\"menuPiePaginas\" style=\"margin-top: 200px;\">\n<div class=\"anterior\"><a href=\"https:\/\/nosotrasenlibertad.com\/libroweb\/nosotras-y-la-musica\/\">Nosotras y la m\u00fasica<\/a><\/div>\n<div class=\"siguiente\"><a href=\"https:\/\/nosotrasenlibertad.com\/libroweb\/nosotras-y-las-revistas\/\">Nosotras y las revistas<\/a><\/div>\n<\/div>","protected":false},"excerpt":{"rendered":"<p>Los cambios culturales pudieron apreciarse en el s\u00e9ptimo arte de la mano de directorxs que, con una mirada aguda, recogieron las luchas populares desde sus registros f\u00eclmicos.&nbsp; Es indudable que en esa \u00e9poca se profundizaron los cambios y las transformaciones tecnol\u00f3gicas y est\u00e9ticas en el discurso, lo que permiti\u00f3 el acceso a nuevas maneras de [&hellip;]<\/p>\n","protected":false},"author":1,"featured_media":0,"parent":0,"menu_order":0,"comment_status":"closed","ping_status":"closed","template":"pg-estaticas.php","meta":{"_acf_changed":false,"footnotes":""},"class_list":["post-13369","page","type-page","status-publish","hentry"],"acf":[],"_links":{"self":[{"href":"https:\/\/nosotrasenlibertad.com\/libroweb\/wp-json\/wp\/v2\/pages\/13369","targetHints":{"allow":["GET"]}}],"collection":[{"href":"https:\/\/nosotrasenlibertad.com\/libroweb\/wp-json\/wp\/v2\/pages"}],"about":[{"href":"https:\/\/nosotrasenlibertad.com\/libroweb\/wp-json\/wp\/v2\/types\/page"}],"author":[{"embeddable":true,"href":"https:\/\/nosotrasenlibertad.com\/libroweb\/wp-json\/wp\/v2\/users\/1"}],"replies":[{"embeddable":true,"href":"https:\/\/nosotrasenlibertad.com\/libroweb\/wp-json\/wp\/v2\/comments?post=13369"}],"version-history":[{"count":17,"href":"https:\/\/nosotrasenlibertad.com\/libroweb\/wp-json\/wp\/v2\/pages\/13369\/revisions"}],"predecessor-version":[{"id":13748,"href":"https:\/\/nosotrasenlibertad.com\/libroweb\/wp-json\/wp\/v2\/pages\/13369\/revisions\/13748"}],"wp:attachment":[{"href":"https:\/\/nosotrasenlibertad.com\/libroweb\/wp-json\/wp\/v2\/media?parent=13369"}],"curies":[{"name":"wp","href":"https:\/\/api.w.org\/{rel}","templated":true}]}}