{"id":13382,"date":"2021-10-06T14:01:16","date_gmt":"2021-10-06T14:01:16","guid":{"rendered":"https:\/\/nosotrasenlibertad.com\/libroweb\/?page_id=13382"},"modified":"2021-10-12T21:49:34","modified_gmt":"2021-10-12T21:49:34","slug":"nosotras-y-la-musica","status":"publish","type":"page","link":"https:\/\/nosotrasenlibertad.com\/libroweb\/nosotras-y-la-musica\/","title":{"rendered":"Nosotras y la m\u00fasica"},"content":{"rendered":"\n<div class=\"wp-block-image\"><figure class=\"aligncenter size-full\"><img decoding=\"async\" width=\"300\" height=\"161\" data-src=\"https:\/\/nosotrasenlibertad.com\/libroweb\/wp-content\/uploads\/2021\/10\/tocadiscos.png\" alt=\"\" class=\"wp-image-13494 lazyload\" src=\"data:image\/svg+xml;base64,PHN2ZyB3aWR0aD0iMSIgaGVpZ2h0PSIxIiB4bWxucz0iaHR0cDovL3d3dy53My5vcmcvMjAwMC9zdmciPjwvc3ZnPg==\" style=\"--smush-placeholder-width: 300px; --smush-placeholder-aspect-ratio: 300\/161;\" \/><\/figure><\/div>\n\n\n\n<p class=\"bajadasEstaticas\">Nuestra adolescencia y juventud estuvo impregnada por una revoluci\u00f3n en la m\u00fasica. Nuevos sonidos, nuevos g\u00e9neros, nuevos artistas se comprometieron con su palabra y su cuerpo sobre un escenario.&nbsp; Estas melod\u00edas fueron multiplicadas por nuestras voces en cada pe\u00f1a, en cada ronda, en cada plaza, en cada encuentro . Tambi\u00e9n nos acompa\u00f1aron en la c\u00e1rcel y despu\u00e9s.&nbsp; Los invitamos a conocer nuestra <em>playlist.<\/em><\/p>\n\n\n\n<div style=\"height:50px\" aria-hidden=\"true\" class=\"wp-block-spacer\"><\/div>\n\n\n\n<div class=\"wp-block-columns is-layout-flex wp-container-core-columns-is-layout-9d6595d7 wp-block-columns-is-layout-flex\">\n<div class=\"wp-block-column is-layout-flow wp-block-column-is-layout-flow\">\n<p><strong>Almendra &#8211; Muchacha ojos de papel<\/strong><br><a rel=\"noreferrer noopener\" href=\"https:\/\/youtu.be\/dxlC7-DLtco\" target=\"_blank\">https:\/\/youtu.be\/dxlC7-DLtco<\/a><\/p>\n\n\n\n<p><strong>Arco iris &#8211; <strong>\u00c1lbum completo <\/strong><\/strong><br><a rel=\"noreferrer noopener\" href=\"https:\/\/youtu.be\/5yc-SCrzrTA\" target=\"_blank\">https:\/\/youtu.be\/5yc-SCrzrTA<\/a><\/p>\n\n\n\n<p><strong><strong>Ariel Ram\u00edrez<\/strong> &#8211; Siempre vigente <\/strong><br><a rel=\"noreferrer noopener\" href=\"https:\/\/youtu.be\/8nVgLOlPwAo\" target=\"_blank\">https:\/\/youtu.be\/8nVgLOlPwAo<\/a><\/p>\n\n\n\n<p><strong><strong>Braudel<\/strong> &#8211; La historia de larga duraci\u00f3n <\/strong><br><a rel=\"noreferrer noopener\" href=\"https:\/\/youtu.be\/qJbpyH7f5tA\" target=\"_blank\">https:\/\/youtu.be\/qJbpyH7f5tA<\/a><\/p>\n\n\n\n<p><strong>Cafrune &#8211; \u00c1lbum completo <\/strong><br><a rel=\"noreferrer noopener\" href=\"https:\/\/youtu.be\/9S_ZaG7wQCk\" target=\"_blank\">https:\/\/youtu.be\/9S_ZaG7wQCk<\/a><\/p>\n\n\n\n<p><strong>Cantata Juana de Arco en la Hoguera<\/strong><br><a href=\"https:\/\/youtu.be\/4SVuXaUg13s\" target=\"_blank\" rel=\"noreferrer noopener\">https:\/\/youtu.be\/4SVuXaUg13s<\/a><\/p>\n\n\n\n<p><strong>C\u00e9sar Isella &#8211; Todas las voces todas<\/strong><br><a rel=\"noreferrer noopener\" href=\"https:\/\/youtu.be\/DY16p_vTvl4\" target=\"_blank\">https:\/\/youtu.be\/DY16p_vTvl4<\/a><\/p>\n\n\n\n<p><strong>Charly Garc\u00eda &#8211; Necesito tu amor <\/strong><br><a rel=\"noreferrer noopener\" href=\"https:\/\/youtu.be\/jTLr3UwIe50\" target=\"_blank\">https:\/\/youtu.be\/jTLr3UwIe50<\/a><\/p>\n\n\n\n<p><strong>Creedence Clearwater Revival &#8211; Susi Q <\/strong><br><a rel=\"noreferrer noopener\" href=\"https:\/\/youtu.be\/18kqUNG9mO4\" target=\"_blank\">https:\/\/youtu.be\/18kqUNG9mO4<\/a><\/p>\n\n\n\n<p><strong>Daniel Viglieti &#8211;<strong> A desalambrar <\/strong><\/strong><br><a rel=\"noreferrer noopener\" href=\"https:\/\/youtu.be\/u2SKr2nNusk\" target=\"_blank\">https:\/\/youtu.be\/u2SKr2nNusk<\/a><\/p>\n\n\n\n<p><strong><strong>Eduardo Fal\u00fa<\/strong> &#8211; Grandes \u00e9xitos <\/strong><br><a rel=\"noreferrer noopener\" href=\"https:\/\/youtu.be\/0OXALcSyh-M\" target=\"_blank\">https:\/\/youtu.be\/0OXALcSyh-M<\/a><\/p>\n\n\n\n<p><strong>Fito P\u00e1ez &#8211; Nuevo <\/strong><br><a rel=\"noreferrer noopener\" href=\"https:\/\/youtu.be\/ZTqykQboNnw\" target=\"_blank\">https:\/\/youtu.be\/ZTqykQboNnw<\/a><\/p>\n\n\n\n<p><strong><strong>Gustavo \u201cCuchi\u201dLeguizam\u00f3n<\/strong> &#8211; <\/strong><br><strong>Phonogram 1969 piano y guitarra<\/strong><br><a rel=\"noreferrer noopener\" href=\"https:\/\/youtu.be\/3cBY7qGcQO0\" target=\"_blank\">https:\/\/youtu.be\/3cBY7qGcQO0<\/a><\/p>\n\n\n\n<p><strong><strong>Huerque Mapu<\/strong> &#8211; Revuelta a la vida <\/strong><br><a rel=\"noreferrer noopener\" href=\"https:\/\/youtu.be\/FOpv1GiljC0\" target=\"_blank\">https:\/\/youtu.be\/FOpv1GiljC0<\/a><\/p>\n\n\n\n<p><strong><strong>Hugo del Carril &#8211;<\/strong> Marcha Peronista cantada por <\/strong><br><a rel=\"noreferrer noopener\" href=\"https:\/\/youtu.be\/J8PDMuY1d-U\" target=\"_blank\">https:\/\/youtu.be\/J8PDMuY1d-U<\/a><\/p>\n\n\n\n<p><strong>Jos\u00e9 Carbajal &#8211; <strong>Chiquillada <\/strong><\/strong><br>h<a rel=\"noreferrer noopener\" href=\"\/\/youtu.be\/CL6JQzJ6vnY\" target=\"_blank\">ttps:\/\/youtu.be\/CL6JQzJ6vnY<\/a><\/p>\n\n\n\n<p><strong>Juan Manuel Serrat &#8211; Cantares <\/strong><br><a rel=\"noreferrer noopener\" href=\"https:\/\/youtu.be\/scBI9m8a3UM\" target=\"_blank\">https:\/\/youtu.be\/scBI9m8a3UM<\/a><\/p>\n\n\n\n<p><strong>Las canciones de los republicanos espa\u00f1oles<\/strong><br><a href=\"https:\/\/youtu.be\/UnejUWRam-0\" target=\"_blank\" rel=\"noreferrer noopener\">https:\/\/youtu.be\/UnejUWRam-0<\/a><\/p>\n\n\n\n<p><strong><strong>Les Luthier<\/strong> &#8211; Viejos hazmerre\u00edres<\/strong><br><a rel=\"noreferrer noopener\" href=\"https:\/\/youtu.be\/99TnDh8sQOg\" target=\"_blank\">https:\/\/youtu.be\/99TnDh8sQOg<\/a><\/p>\n\n\n\n<p><strong><strong>Los fronterizos<\/strong> &#8211; Guitarra de medianoche<\/strong><br><a rel=\"noreferrer noopener\" href=\"https:\/\/youtu.be\/_tGTOmq0i9w\" target=\"_blank\">https:\/\/youtu.be\/_tGTOmq0i9w<\/a><\/p>\n\n\n\n<p><strong><span>Los gatos<\/span> &#8211; La Balsa <\/strong><br><a rel=\"noreferrer noopener\" href=\"https:\/\/youtu.be\/gLOzJ0SSGSA\" target=\"_blank\">https:\/\/youtu.be\/gLOzJ0SSGSA<\/a><\/p>\n\n\n\n<p><strong>Los Olimare\u00f1os &#8211; <strong>El beso que te di <\/strong><\/strong><br><a rel=\"noreferrer noopener\" href=\"https:\/\/youtu.be\/9qSafeKdzEI\" target=\"_blank\">https:\/\/youtu.be\/9qSafeKdzEI<\/a><\/p>\n\n\n\n<p><strong>Mercedes Sosa &#8211; Canciones con fundamentos <\/strong><br><a rel=\"noreferrer noopener\" href=\"https:\/\/youtu.be\/2hlqMiKYS8w\" target=\"_blank\">https:\/\/youtu.be\/2hlqMiKYS8w<\/a><\/p>\n\n\n\n<p><strong>Paco Iba\u00f1ez &#8211; \u00c1lbum completo <\/strong><br><a rel=\"noreferrer noopener\" href=\"https:\/\/youtu.be\/iJBvBQ4UBug\" target=\"_blank\">https:\/\/youtu.be\/iJBvBQ4UBug<\/a><\/p>\n\n\n\n<p><strong>Padre Catena &#8211; Greatest <\/strong><br><a rel=\"noreferrer noopener\" href=\"https:\/\/youtu.be\/YzjZEci-EiU\" target=\"_blank\">https:\/\/youtu.be\/YzjZEci-EiU<\/a><\/p>\n\n\n\n<p><strong>Padre Catena &#8211;<\/strong> <strong>La canci\u00f3n del hombre nuevo<\/strong><br><a rel=\"noreferrer noopener\" href=\"https:\/\/youtu.be\/yCIhowAde70\" target=\"_blank\">https:\/\/youtu.be\/yCIhowAde70<\/a><\/p>\n\n\n\n<p><strong>Patxi Andi\u00f3n &#8211; <strong>Recopilaci\u00f3n <\/strong><\/strong><br><a rel=\"noreferrer noopener\" href=\"https:\/\/youtu.be\/2W5oDjNdsME\" target=\"_blank\">https:\/\/youtu.be\/2W5oDjNdsME<\/a><\/p>\n\n\n\n<p class=\"has-text-align-left\"><strong>Quilapay\u00fan &#8211;<\/strong> <strong>Cantata a Santa Mar\u00eda de Iquique <\/strong><br><a rel=\"noreferrer noopener\" href=\"https:\/\/youtu.be\/w8oEeQO6qIE\" target=\"_blank\">https:\/\/youtu.be\/w8oEeQO6qIE<\/a><\/p>\n\n\n\n<p><strong>Spinetta &#8211; Viento del azur <\/strong><br><a rel=\"noreferrer noopener\" href=\"https:\/\/youtu.be\/7hFKCSDAZsQ\" target=\"_blank\">https:\/\/youtu.be\/7hFKCSDAZsQ<\/a><\/p>\n\n\n\n<p><strong>Suis generis &#8211; Canci\u00f3n para mi muerte <\/strong><br><a rel=\"noreferrer noopener\" href=\"https:\/\/youtu.be\/fMXsOtWrjXw\" target=\"_blank\">https:\/\/youtu.be\/fMXsOtWrjXw<\/a><\/p>\n\n\n\n<p class=\"has-text-align-left\"><strong>The Beatles &#8211; <strong>Let It Be<\/strong>.<\/strong><br><a rel=\"noreferrer noopener\" href=\"https:\/\/youtu.be\/bVeVMFlwUb8\" target=\"_blank\">https:\/\/youtu.be\/bVeVMFlwUb8<\/a><\/p>\n\n\n\n<p><strong>V\u00edctor Jara &#8211; El derecho de vivir en paz <\/strong><br><a rel=\"noreferrer noopener\" href=\"https:\/\/youtu.be\/WSg53srhQyQ\" target=\"_blank\">https:\/\/youtu.be\/WSg53srhQyQ<\/a><\/p>\n\n\n\n<p class=\"has-text-align-left\"><strong>Vinicius de Moraes &#8211; <strong>Garota de Ipanema<\/strong> <\/strong><br><a rel=\"noreferrer noopener\" href=\"https:\/\/youtu.be\/KJzBxJ8ExRk\" target=\"_blank\">https:\/\/youtu.be\/KJzBxJ8ExRk<\/a><\/p>\n\n\n\n<p><strong>Violeta Parra &#8211; <strong>Cantos de Chile <\/strong><\/strong><br><a rel=\"noreferrer noopener\" href=\"https:\/\/youtu.be\/MVh4O50t4z0\" target=\"_blank\">https:\/\/youtu.be\/MVh4O50t4z0<\/a><\/p>\n\n\n\n<p><strong>Zitarrosa &#8211; <strong>Colecci\u00f3n hist\u00f3rica <\/strong><\/strong><br>h<a rel=\"noreferrer noopener\" href=\"\/\/youtu.be\/bABuImkA3RE\" target=\"_blank\">ttps:\/\/youtu.be\/bABuImkA3RE<\/a><\/p>\n<\/div>\n\n\n\n<div class=\"wp-block-column is-layout-flow wp-block-column-is-layout-flow\">\n<p class=\"has-text-align-left\"><strong>Alma y Vida<\/strong><br>Hoy te queremos cantar: <a rel=\"noreferrer noopener\" href=\"https:\/\/youtu.be\/wC6rAFYH9p0\" target=\"_blank\">https:\/\/youtu.be\/wC6rAFYH9p0<\/a><br>Salven a Sebasti\u00e1n: <a rel=\"noreferrer noopener\" href=\"https:\/\/youtu.be\/9Pf2Lgm_v-0\" target=\"_blank\">https:\/\/youtu.be\/9Pf2Lgm_v-0<\/a><br>Del gemido de un gorri\u00f3n: <a rel=\"noreferrer noopener\" href=\"https:\/\/youtu.be\/zFnm-iFv1PY\" target=\"_blank\">https:\/\/youtu.be\/zFnm-iFv1PY<\/a><\/p>\n\n\n\n<p class=\"has-text-align-left\"><strong>Almendra<\/strong><br>Muchacha ojos de papel: <a rel=\"noreferrer noopener\" href=\"https:\/\/youtu.be\/ftTTBsh06vc\" target=\"_blank\">https:\/\/youtu.be\/ftTTBsh06vc<\/a><\/p>\n\n\n\n<p class=\"has-text-align-left\"><strong>Arco Iris<\/strong><br>Ma\u00f1ana campestres: <a rel=\"noreferrer noopener\" href=\"https:\/\/youtu.be\/5Veyu3z1HBA\" target=\"_blank\">https:\/\/youtu.be\/5Veyu3z1HBA<\/a><\/p>\n\n\n\n<p class=\"has-text-align-left\"><strong>La joven guardia<\/strong><br>La extra\u00f1a de las botas rosas: <a rel=\"noreferrer noopener\" href=\"https:\/\/youtu.be\/OuTYv-FB2fA\" target=\"_blank\">https:\/\/youtu.be\/OuTYv-FB2fA<\/a><br>El extra\u00f1o de pelo largo: <a rel=\"noreferrer noopener\" href=\"https:\/\/youtu.be\/PXNSZaX2w9M\" target=\"_blank\">https:\/\/youtu.be\/PXNSZaX2w9M<\/a><\/p>\n\n\n\n<p class=\"has-text-align-left\"><strong>Los gatos<\/strong><br>La balsa: <a rel=\"noreferrer noopener\" href=\"https:\/\/youtu.be\/Yv9PnHsEGas\" target=\"_blank\">https:\/\/youtu.be\/Yv9PnHsEGas<\/a><br>Viento dile a la lluvia: <a rel=\"noreferrer noopener\" href=\"https:\/\/youtu.be\/ijBcYy0Zis0\" target=\"_blank\">https:\/\/youtu.be\/ijBcYy0Zis0<\/a><\/p>\n\n\n\n<p class=\"has-text-align-left\"><strong>Los n\u00e1ufragos<\/strong><br>Yo en mi casa ella en el bar: <a rel=\"noreferrer noopener\" href=\"https:\/\/youtu.be\/_FaFeg_kbDg\" target=\"_blank\">https:\/\/youtu.be\/_FaFeg_kbDg<\/a><\/p>\n\n\n\n<p class=\"has-text-align-left\"><strong>Los secretos<\/strong><br>Sobre un vidrio mojado: <a rel=\"noreferrer noopener\" href=\"https:\/\/youtu.be\/ztOusdcUMTc\" target=\"_blank\">https:\/\/youtu.be\/ztOusdcUMTc<\/a><\/p>\n\n\n\n<p class=\"has-text-align-left\"><strong>Moris<\/strong><br>Rebelde: <a rel=\"noreferrer noopener\" href=\"https:\/\/youtu.be\/UlVcGapeBNs\" target=\"_blank\">https:\/\/youtu.be\/UlVcGapeBNs<\/a><br>De nada sirve: <a rel=\"noreferrer noopener\" href=\"https:\/\/youtu.be\/4Tk371rH4Gs\" target=\"_blank\">https:\/\/youtu.be\/4Tk371rH4Gs<\/a><\/p>\n\n\n\n<p class=\"has-text-align-left\"><strong>Nito Mestre<\/strong><br>Fabricante de mentiras: <a rel=\"noreferrer noopener\" href=\"https:\/\/youtu.be\/X4yHl8LV_BE\" target=\"_blank\">https:\/\/youtu.be\/X4yHl8LV_BE<\/a><\/p>\n\n\n\n<p class=\"has-text-align-left\"><strong>Pedro y Pablo<\/strong><br>La marcha de la bronca: <a rel=\"noreferrer noopener\" href=\"https:\/\/youtu.be\/FqB4vZupsPQ\" target=\"_blank\">https:\/\/youtu.be\/FqB4vZupsPQ<\/a><\/p>\n\n\n\n<p class=\"has-text-align-left\"><strong>Piero<\/strong><br>Para el pueblo lo que es del pueblo: <a rel=\"noreferrer noopener\" href=\"https:\/\/youtu.be\/o8ndCcb13oA\" target=\"_blank\">https:\/\/youtu.be\/o8ndCcb13oA<\/a><\/p>\n\n\n\n<p class=\"has-text-align-left\"><strong>Roque Narvaja<\/strong><br>Para Victoria: <a rel=\"noreferrer noopener\" href=\"https:\/\/youtu.be\/OpkDffnTPSQ\" target=\"_blank\">https:\/\/youtu.be\/OpkDffnTPSQ<\/a><\/p>\n\n\n\n<p class=\"has-text-align-left\"><strong>Simon and Garfunkel<\/strong><br>Los sonidos del silencio: <a rel=\"noreferrer noopener\" href=\"https:\/\/g.co\/kgs\/Btyp2d\" target=\"_blank\">https:\/\/g.co\/kgs\/Btyp2d<\/a><\/p>\n\n\n\n<p class=\"has-text-align-left\"><strong>Sui Generis<\/strong><br>Aprendizaje: <a rel=\"noreferrer noopener\" href=\"https:\/\/youtu.be\/rDz2fYk3Wko\" target=\"_blank\">https:\/\/youtu.be\/rDz2fYk3Wko<\/a><br>Cuando ya me empiece a quedar solo: <a rel=\"noreferrer noopener\" href=\"https:\/\/youtu.be\/jw0eSEx6R6c\" target=\"_blank\">https:\/\/youtu.be\/jw0eSEx6R6c<\/a><br>Fabricante de mentiras: <a rel=\"noreferrer noopener\" href=\"https:\/\/youtu.be\/FtujmSz2cg4\" target=\"_blank\">https:\/\/youtu.be\/FtujmSz2cg4<\/a><br>Canci\u00f3n para mi muerte: <a rel=\"noreferrer noopener\" href=\"https:\/\/youtu.be\/_CH0jGxNvDA\" target=\"_blank\">https:\/\/youtu.be\/_CH0jGxNvDA<\/a><br>Necesito: <a rel=\"noreferrer noopener\" href=\"https:\/\/youtu.be\/Pm820ENUIrw\" target=\"_blank\">https:\/\/youtu.be\/Pm820ENUIrw<\/a><\/p>\n\n\n\n<p class=\"has-text-align-left\"><strong>Tanguito<\/strong><br>Yo no pretendo:<a rel=\"noreferrer noopener\" href=\"https:\/\/youtu.be\/IHYuuU6D6pA\" target=\"_blank\">https:\/\/youtu.be\/IHYuuU6D6pA<\/a><\/p>\n\n\n\n<p class=\"has-text-align-left\"><strong>The Animals<\/strong><br>La casa del sol naciente: <a rel=\"noreferrer noopener\" href=\"https:\/\/youtu.be\/2QOPM33vHvs\" target=\"_blank\">https:\/\/youtu.be\/2QOPM33vHvs<\/a><\/p>\n<\/div>\n<\/div>\n\n\n<div class=\"menuPiePaginas\" style=\"margin-top: 200px;\">\n<div class=\"anterior\"><a href=\"https:\/\/nosotrasenlibertad.com\/libroweb\/nosotras-y-los-libros\/\">Nosotras y los libros<\/a><\/div>\n<div class=\"siguiente\"><a href=\"https:\/\/nosotrasenlibertad.com\/libroweb\/nosotras-y-el-cine\/\">Nosotras y el cine<\/a><\/div>\n<\/div>","protected":false},"excerpt":{"rendered":"<p>Nuestra adolescencia y juventud estuvo impregnada por una revoluci\u00f3n en la m\u00fasica. Nuevos sonidos, nuevos g\u00e9neros, nuevos artistas se comprometieron con su palabra y su cuerpo sobre un escenario.&nbsp; Estas melod\u00edas fueron multiplicadas por nuestras voces en cada pe\u00f1a, en cada ronda, en cada plaza, en cada encuentro . Tambi\u00e9n nos acompa\u00f1aron en la c\u00e1rcel [&hellip;]<\/p>\n","protected":false},"author":1,"featured_media":0,"parent":0,"menu_order":0,"comment_status":"closed","ping_status":"closed","template":"pg-estaticas.php","meta":{"_acf_changed":false,"footnotes":""},"class_list":["post-13382","page","type-page","status-publish","hentry"],"acf":[],"_links":{"self":[{"href":"https:\/\/nosotrasenlibertad.com\/libroweb\/wp-json\/wp\/v2\/pages\/13382","targetHints":{"allow":["GET"]}}],"collection":[{"href":"https:\/\/nosotrasenlibertad.com\/libroweb\/wp-json\/wp\/v2\/pages"}],"about":[{"href":"https:\/\/nosotrasenlibertad.com\/libroweb\/wp-json\/wp\/v2\/types\/page"}],"author":[{"embeddable":true,"href":"https:\/\/nosotrasenlibertad.com\/libroweb\/wp-json\/wp\/v2\/users\/1"}],"replies":[{"embeddable":true,"href":"https:\/\/nosotrasenlibertad.com\/libroweb\/wp-json\/wp\/v2\/comments?post=13382"}],"version-history":[{"count":17,"href":"https:\/\/nosotrasenlibertad.com\/libroweb\/wp-json\/wp\/v2\/pages\/13382\/revisions"}],"predecessor-version":[{"id":13747,"href":"https:\/\/nosotrasenlibertad.com\/libroweb\/wp-json\/wp\/v2\/pages\/13382\/revisions\/13747"}],"wp:attachment":[{"href":"https:\/\/nosotrasenlibertad.com\/libroweb\/wp-json\/wp\/v2\/media?parent=13382"}],"curies":[{"name":"wp","href":"https:\/\/api.w.org\/{rel}","templated":true}]}}