{"id":1436,"date":"2021-06-09T21:03:05","date_gmt":"2021-06-09T21:03:05","guid":{"rendered":"https:\/\/nosotrasenlibertad.com\/libroweb\/?page_id=1436"},"modified":"2021-10-11T16:19:30","modified_gmt":"2021-10-11T16:19:30","slug":"asi-lo-hicimos","status":"publish","type":"page","link":"https:\/\/nosotrasenlibertad.com\/libroweb\/asi-lo-hicimos\/","title":{"rendered":"As\u00ed lo hicimos&#8230;"},"content":{"rendered":"\n<div style=\"height:50px\" aria-hidden=\"true\" class=\"wp-block-spacer\"><\/div>\n\n\n\n<h2 class=\"wp-block-heading\">&#8230;desde las tripas<\/h2>\n\n\n\n<p>Me llam\u00f3 un d\u00eda una compa\u00f1era y me cont\u00f3 la idea, con sus frases incompletas, llenas de todo lo necesario. Puedo ver sus gestos por su voz, sus ojitos en los silencios, sus pasitos andando mientras habla. Su cari\u00f1o. Su sencillez.<\/p>\n\n\n\n<p>Luego, una charla telef\u00f3nica, larga, iluminada por su entusiasmo y el aplomo inherente de otra cumpa. Llena de andamiajes que explican, fundamentan, pero siempre habilit\u00e1ndolo todo.<\/p>\n\n\n\n<p>Ya no pod\u00eda evadirme. Soy, quiero ser parte de esta oportunidad, de renacer, una vez m\u00e1s, saliendo del fondo de las derrotas, tantas veces como se quiere, y tantas veces como las que llegue una mano, una voz, una caricia compa\u00f1era. Aqu\u00ed estoy, tratando de llenar de vuelta sus llamados.<\/p>\n\n\n\n<p>Bueno. Aqu\u00ed estoy, frente a un teclado. Duro y anacr\u00f3nico. Inconmovible. Vac\u00edo y est\u00fapido. Muerto.<\/p>\n\n\n\n<p>Porque antes, siempre, yo escrib\u00eda como una pulsi\u00f3n desenfrenada. Como la p\u00e9rdida en una ca\u00f1er\u00eda con alta presi\u00f3n. Expulsaba con fuerza, flu\u00eda en chorro y borbot\u00f3n. A pasi\u00f3n, a llanto, a ceguera de ira, rezumando el ardor de la esquirla en el hueso y luego, de a poco, enhebrando palabras, como cuentas perdidas, el coraz\u00f3n retomaba su monoton\u00eda.<\/p>\n\n\n\n<p>Por ese all\u00e1, siempre, como hilera, en hiladas, en palabrada crec\u00eda la pared. Como un tejido de piel nueva agarrado entre la gasa y el barro y la sangre. Atadura que me vend\u00f3 los brazos, y los pechos, y la vagina y los pies y manos, tantos siglos.<\/p>\n\n\n\n<p>Ahora me ped\u00eds, me piden, que diga, compa\u00f1eras, y solo se me aprieta la boca y no llega a mis dedos el caudal que se agolpa en la garganta y empa\u00f1a los lentes.<\/p>\n","protected":false},"excerpt":{"rendered":"<p>&#8230;desde las tripas Me llam\u00f3 un d\u00eda una compa\u00f1era y me cont\u00f3 la idea, con sus frases incompletas, llenas de todo lo necesario. Puedo ver sus gestos por su voz, sus ojitos en los silencios, sus pasitos andando mientras habla. Su cari\u00f1o. Su sencillez. Luego, una charla telef\u00f3nica, larga, iluminada por su entusiasmo y el [&hellip;]<\/p>\n","protected":false},"author":1,"featured_media":0,"parent":0,"menu_order":0,"comment_status":"closed","ping_status":"closed","template":"pg-asi-lo-hicimos.php","meta":{"_acf_changed":false,"footnotes":""},"class_list":["post-1436","page","type-page","status-publish","hentry"],"acf":[],"_links":{"self":[{"href":"https:\/\/nosotrasenlibertad.com\/libroweb\/wp-json\/wp\/v2\/pages\/1436","targetHints":{"allow":["GET"]}}],"collection":[{"href":"https:\/\/nosotrasenlibertad.com\/libroweb\/wp-json\/wp\/v2\/pages"}],"about":[{"href":"https:\/\/nosotrasenlibertad.com\/libroweb\/wp-json\/wp\/v2\/types\/page"}],"author":[{"embeddable":true,"href":"https:\/\/nosotrasenlibertad.com\/libroweb\/wp-json\/wp\/v2\/users\/1"}],"replies":[{"embeddable":true,"href":"https:\/\/nosotrasenlibertad.com\/libroweb\/wp-json\/wp\/v2\/comments?post=1436"}],"version-history":[{"count":48,"href":"https:\/\/nosotrasenlibertad.com\/libroweb\/wp-json\/wp\/v2\/pages\/1436\/revisions"}],"predecessor-version":[{"id":13649,"href":"https:\/\/nosotrasenlibertad.com\/libroweb\/wp-json\/wp\/v2\/pages\/1436\/revisions\/13649"}],"wp:attachment":[{"href":"https:\/\/nosotrasenlibertad.com\/libroweb\/wp-json\/wp\/v2\/media?parent=1436"}],"curies":[{"name":"wp","href":"https:\/\/api.w.org\/{rel}","templated":true}]}}