{"id":240,"date":"2021-03-31T15:23:45","date_gmt":"2021-03-31T15:23:45","guid":{"rendered":"https:\/\/nosotrasenlibertad.com\/libroweb\/?page_id=240"},"modified":"2021-10-06T13:09:17","modified_gmt":"2021-10-06T13:09:17","slug":"andes-pampa-y-patagonia","status":"publish","type":"page","link":"https:\/\/nosotrasenlibertad.com\/libroweb\/andes-pampa-y-patagonia\/","title":{"rendered":"Andes, Pampa y Patagonia"},"content":{"rendered":"\n<figure class=\"wp-block-table\"><table><tbody><tr><td><\/td><td><\/td><\/tr><tr><td>Sara <strong>Murad<\/strong><\/td><td><a href=\"https:\/\/nosotrasenlibertad.com\/libroweb\/mirarme-al-espejo\/\" data-type=\"URL\" data-id=\"https:\/\/nosotrasenlibertad.com\/libroweb\/mirarme-al-espejo\/\">Mirarme al espejo<\/a><\/td><\/tr><tr><td>Luc\u00eda Magdalena <strong>Torres<\/strong><\/td><td><a href=\"https:\/\/nosotrasenlibertad.com\/libroweb\/mis-memorias\/\" data-type=\"URL\" data-id=\"https:\/\/nosotrasenlibertad.com\/libroweb\/mis-memorias\/\">Mis memorias<\/a><\/td><\/tr><tr><td>P\u00eda <strong>Viltes<\/strong><\/td><td><a href=\"https:\/\/nosotrasenlibertad.com\/libroweb\/en-salta\/\" data-type=\"URL\" data-id=\"https:\/\/nosotrasenlibertad.com\/libroweb\/en-salta\/\">En Salta<\/a><\/td><\/tr><tr><td>Alba Lili\u00e1n <strong>Reynaga<\/strong><\/td><td><a href=\"https:\/\/nosotrasenlibertad.com\/libroweb\/hacedoras\/\" data-type=\"post\" data-id=\"760\">Hacedoras<\/a><\/td><\/tr><tr><td>Julieta <strong>Locascio<\/strong><\/td><td><a href=\"https:\/\/nosotrasenlibertad.com\/libroweb\/cuarenta-kilos\/\" data-type=\"post\" data-id=\"727\">Cuarenta kilos<\/a><\/td><\/tr><tr><td>In\u00e9s<strong> Lugones<\/strong><\/td><td><a href=\"https:\/\/nosotrasenlibertad.com\/libroweb\/la-memoria-iluminada\/\" data-type=\"post\" data-id=\"739\">La memoria iluminada<\/a><\/td><\/tr><tr><td>Mar\u00eda Susana<strong> Habra<\/strong><\/td><td><a href=\"https:\/\/nosotrasenlibertad.com\/libroweb\/ampliar-el-circulo\/\" data-type=\"post\" data-id=\"714\">Ampliar el c\u00edrculo<\/a> <\/td><\/tr><tr><td>Gladys<strong> Loys<\/strong><\/td><td><a href=\"https:\/\/nosotrasenlibertad.com\/libroweb\/de-que-se-trata\/\" data-type=\"URL\">\u00bfDe qu\u00e9 se trata?<\/a><\/td><\/tr><tr><td>Mar\u00eda <strong>Illanes<\/strong><\/td><td><a href=\"https:\/\/nosotrasenlibertad.com\/libroweb\/rearmandonos\/\" data-type=\"post\" data-id=\"722\">Rearm\u00e1ndonos<\/a><\/td><\/tr><tr><td>Diana <strong>Quir\u00f3s<\/strong><\/td><td><a href=\"https:\/\/nosotrasenlibertad.com\/libroweb\/de-andares-y-desandares\/\" data-type=\"URL\" data-id=\"https:\/\/nosotrasenlibertad.com\/libroweb\/de-andares-y-desandares\/\">De andares y desandares<\/a><\/td><\/tr><tr><td>Argentina <strong>L\u00f3pez <\/strong><\/td><td><a href=\"https:\/\/nosotrasenlibertad.com\/libroweb\/tiempo-de-primavera\/\" data-type=\"post\">Tiempo de primavera<\/a><\/td><\/tr><tr><td>Argentina <strong>L\u00f3pez<\/strong> y Diana <strong>Quir\u00f3s<\/strong><\/td><td><a href=\"https:\/\/nosotrasenlibertad.com\/libroweb\/en-memoria-de-justino-vergara\/\" data-type=\"post\" data-id=\"733\">En memoria de Justino Vergara<\/a><\/td><\/tr><tr><td>Emperatriz <strong>M\u00e1rquez<\/strong><\/td><td><a href=\"https:\/\/nosotrasenlibertad.com\/libroweb\/niquixao-mi-lugar\/\" data-type=\"URL\">Niquixao, mi lugar<\/a><\/td><\/tr><tr><td>Emperatriz <strong>M\u00e1rquez<\/strong><\/td><td><a href=\"https:\/\/nosotrasenlibertad.com\/libroweb\/maestra-rural-de-4o-categoria\/\" data-type=\"post\" data-id=\"745\">Maestra rural de cuarta categor\u00eda<\/a><\/td><\/tr><tr><td>Cristina <strong>Ib\u00e1\u00f1ez<\/strong><\/td><td><a href=\"https:\/\/nosotrasenlibertad.com\/libroweb\/el-exilio\/\" data-type=\"URL\">El exilio<\/a><\/td><\/tr><tr><td>Virginia <strong>Rodr\u00edguez<\/strong><\/td><td><a href=\"https:\/\/nosotrasenlibertad.com\/libroweb\/mujeres-2\/\" data-type=\"post\" data-id=\"1949\">Mujeres<\/a><\/td><\/tr><tr><td>Noem\u00ed Edith <strong>Arito<\/strong><\/td><td><a href=\"https:\/\/nosotrasenlibertad.com\/libroweb\/versos-en-ecuaciones-de-libertad\/\" data-type=\"URL\" data-id=\"https:\/\/nosotrasenlibertad.com\/libroweb\/versos-en-ecuaciones-de-libertad\/\">Versos en ecuaciones de libertad<\/a><\/td><\/tr><tr><td>Vilma Emilia&nbsp;<strong>Rupolo<\/strong><\/td><td><a href=\"https:\/\/nosotrasenlibertad.com\/libroweb\/bailar-bailar-bailar\/\" data-type=\"URL\" data-id=\"https:\/\/nosotrasenlibertad.com\/libroweb\/bailar-bailar-bailar\/\">Bailar, bailar y bailar&nbsp;<\/a><\/td><\/tr><tr><td>Sof\u00eda <strong>D<span style=\"text-decoration: underline;\">&#8216;<\/span>Andrea<\/strong><\/td><td><a href=\"https:\/\/nosotrasenlibertad.com\/libroweb\/feministas\/\" data-type=\"post\" data-id=\"691\">Feministas<\/a><\/td><\/tr><tr><td>Sof\u00eda <strong>D&#8217;Andrea<\/strong> <\/td><td><a href=\"https:\/\/nosotrasenlibertad.com\/libroweb\/no-todo-fue-dicho-en-palabras\/\" data-type=\"post\">No todo fue dicho en palabras<\/a><\/td><\/tr><tr><td>Silvia&nbsp;<strong>Ontivero<\/strong><\/td><td><a href=\"https:\/\/nosotrasenlibertad.com\/libroweb\/mas-que-yo\/\" data-type=\"post\" data-id=\"754\">M\u00e1s que yo <\/a><\/td><\/tr><tr><td>Mabel&nbsp;<strong>Maldonado de Montoto<\/strong><\/td><td><a href=\"https:\/\/nosotrasenlibertad.com\/libroweb\/la-red\/\" data-type=\"URL\">La red<\/a><\/td><\/tr><tr><td>Lilian Mar\u00eda&nbsp;<strong>Videla<\/strong><\/td><td><a href=\"https:\/\/nosotrasenlibertad.com\/libroweb\/contabilidad-y-derechos-humanos\/\" data-type=\"post\" data-id=\"770\">Contabilidad y Derechos Humanos&nbsp;<\/a><\/td><\/tr><tr><td>Ana Mar\u00eda <strong>Garraza<\/strong><\/td><td><a href=\"https:\/\/nosotrasenlibertad.com\/libroweb\/las-palabras\/\" data-type=\"post\" data-id=\"697\">Las palabras<\/a><\/td><\/tr><tr><td>Ana Mar\u00eda <strong>Garraza<\/strong><\/td><td><a href=\"https:\/\/nosotrasenlibertad.com\/libroweb\/tiempos-y-mares\/\" data-type=\"post\" data-id=\"700\">Tiempos y mares&nbsp;<\/a><\/td><\/tr><tr><td>Ana Mar\u00eda <strong>Garraza<\/strong><\/td><td><a href=\"https:\/\/nosotrasenlibertad.com\/libroweb\/el-vestido-azul\/\" data-type=\"post\" data-id=\"704\">El vestido azul<\/a><\/td><\/tr><tr><td>Silvia <strong>Lacreu<\/strong><\/td><td><a href=\"https:\/\/nosotrasenlibertad.com\/libroweb\/las-dos-desapariciones\/\" data-type=\"post\">Las dos desapariciones<\/a><\/td><\/tr><tr><td>Mar\u00eda Cristina <strong>Ercoli<\/strong><\/td><td><a href=\"https:\/\/nosotrasenlibertad.com\/libroweb\/pedacitos-de-nuestro-proyecto\/\" data-type=\"URL\">Pedacitos de&nbsp;nuestro proyecto<\/a><\/td><\/tr><tr><td>Marta <strong>Candia<\/strong><\/td><td><a href=\"https:\/\/nosotrasenlibertad.com\/libroweb\/busquedas-y-nuevos-encuentros\/\" data-type=\"post\" data-id=\"652\">B\u00fasquedas y nuevos encuentros<\/a><\/td><\/tr><tr><td>Marta <strong>Candia<\/strong><\/td><td><a href=\"https:\/\/nosotrasenlibertad.com\/libroweb\/los-tahiles\/\" data-type=\"post\" data-id=\"649\">Los tah\u00edles&nbsp;<\/a><\/td><\/tr><tr><td>Elena <strong>Chena<\/strong><\/td><td><a href=\"https:\/\/nosotrasenlibertad.com\/libroweb\/la-salida\/\" data-type=\"post\" data-id=\"688\">La salida<\/a><\/td><\/tr><tr><td>Mar\u00eda Leonor <strong>Gonz\u00e1lez<\/strong><\/td><td><a href=\"https:\/\/nosotrasenlibertad.com\/libroweb\/maria-luisa-martinez-partera\/\" data-type=\"post\" data-id=\"711\">Mar\u00eda Luisa Mart\u00ednez, partera <\/a> <\/td><\/tr><tr><td>Julia <strong>Giganti<\/strong><\/td><td><a href=\"https:\/\/nosotrasenlibertad.com\/libroweb\/paralelo-42\/\" data-type=\"URL\">Paralelo 42<\/a><\/td><\/tr><tr><td>Silvia&nbsp;<strong>Horne<\/strong><\/td><td><a href=\"https:\/\/nosotrasenlibertad.com\/libroweb\/continuidad-de-los-cielos\/\" data-type=\"URL\">Continuidad en los cielos&nbsp;<\/a><\/td><\/tr><tr><td>Luc\u00eda Isabel <strong>Briones Costa<\/strong><\/td><td><a href=\"https:\/\/nosotrasenlibertad.com\/libroweb\/ni-aun-vencida\/\" data-type=\"post\" data-id=\"646\">Ni a\u00fan vencida<\/a><\/td><\/tr><tr><td>Celia <strong>Chacon<\/strong><\/td><td><a href=\"https:\/\/nosotrasenlibertad.com\/libroweb\/mil-renglones-de-libertad\/\" data-type=\"URL\">Mil renglones en libertad<\/a><\/td><\/tr><tr><td>Celia <strong>Chacon<\/strong><\/td><td><a href=\"https:\/\/nosotrasenlibertad.com\/libroweb\/mujer-que-teje\/\" data-type=\"URL\">Mujer que teje <\/a><\/td><\/tr><tr><td>Silvia&nbsp;<strong>Asaro<\/strong><\/td><td><a href=\"https:\/\/nosotrasenlibertad.com\/libroweb\/aquella-manana\/\" data-type=\"post\" data-id=\"642\">Aquella ma\u00f1ana <\/a><\/td><\/tr><tr><td>Silvia <strong>Asaro<\/strong><\/td><td><a href=\"https:\/\/nosotrasenlibertad.com\/libroweb\/insolito\/\" data-type=\"post\" data-id=\"640\">Ins\u00f3lito<\/a><\/td><\/tr><tr><td>Hortensia <strong>Esp\u00ednola<\/strong>, Margarita <strong>Camus<\/strong>,<br>Diana <strong>Piz\u00e1<\/strong>, Letizia <strong>Raggiotti<\/strong><\/td><td><a href=\"https:\/\/nosotrasenlibertad.com\/libroweb\/sobre-condores-experiencias-saberes-y-acciones\/\" data-type=\"post\" data-id=\"13356\">Sobre C\u00f3ndores: experiencias, saberes y acciones<\/a><\/td><\/tr><\/tbody><\/table><\/figure>\n\n\n\n<p><\/p>\n","protected":false},"excerpt":{"rendered":"<p>Sara Murad Mirarme al espejo Luc\u00eda Magdalena Torres Mis memorias P\u00eda Viltes En Salta Alba Lili\u00e1n Reynaga Hacedoras Julieta Locascio Cuarenta kilos In\u00e9s Lugones La memoria iluminada Mar\u00eda Susana Habra Ampliar el c\u00edrculo Gladys Loys \u00bfDe qu\u00e9 se trata? Mar\u00eda Illanes Rearm\u00e1ndonos Diana Quir\u00f3s De andares y desandares Argentina L\u00f3pez Tiempo de primavera Argentina L\u00f3pez [&hellip;]<\/p>\n","protected":false},"author":1,"featured_media":0,"parent":0,"menu_order":0,"comment_status":"closed","ping_status":"closed","template":"pg_indice-andes-pampa-y-patagonia.php","meta":{"_acf_changed":false,"footnotes":""},"class_list":["post-240","page","type-page","status-publish","hentry"],"acf":[],"_links":{"self":[{"href":"https:\/\/nosotrasenlibertad.com\/libroweb\/wp-json\/wp\/v2\/pages\/240","targetHints":{"allow":["GET"]}}],"collection":[{"href":"https:\/\/nosotrasenlibertad.com\/libroweb\/wp-json\/wp\/v2\/pages"}],"about":[{"href":"https:\/\/nosotrasenlibertad.com\/libroweb\/wp-json\/wp\/v2\/types\/page"}],"author":[{"embeddable":true,"href":"https:\/\/nosotrasenlibertad.com\/libroweb\/wp-json\/wp\/v2\/users\/1"}],"replies":[{"embeddable":true,"href":"https:\/\/nosotrasenlibertad.com\/libroweb\/wp-json\/wp\/v2\/comments?post=240"}],"version-history":[{"count":117,"href":"https:\/\/nosotrasenlibertad.com\/libroweb\/wp-json\/wp\/v2\/pages\/240\/revisions"}],"predecessor-version":[{"id":13363,"href":"https:\/\/nosotrasenlibertad.com\/libroweb\/wp-json\/wp\/v2\/pages\/240\/revisions\/13363"}],"wp:attachment":[{"href":"https:\/\/nosotrasenlibertad.com\/libroweb\/wp-json\/wp\/v2\/media?parent=240"}],"curies":[{"name":"wp","href":"https:\/\/api.w.org\/{rel}","templated":true}]}}